{"id":21311,"date":"2024-02-05T17:19:57","date_gmt":"2024-02-05T16:19:57","guid":{"rendered":"https:\/\/hotelraalte.nl\/weihnachten-im-the-swan\/"},"modified":"2024-03-19T09:05:39","modified_gmt":"2024-03-19T08:05:39","slug":"weihnachten-im-the-swan","status":"publish","type":"page","link":"https:\/\/hotelraalte.nl\/de\/weihnachten-im-the-swan\/","title":{"rendered":"Weihnachten im The Swan"},"content":{"rendered":"<p>Machen Sie Weihnachten dieses Jahr zu etwas ganz Besonderem und lassen Sie sich von unserem K\u00fcchenpersonal und unserem Service verw\u00f6hnen. Wir freuen uns wieder sehr darauf, unseren G\u00e4sten in dieser magischen Zeit einen unvergesslichen Abend zu bieten.<\/p>\n<p><strong>Genie\u00dfen Sie ein 4- oder 5-g\u00e4ngiges Weihnachtsmen\u00fc nach Wahl.<\/strong><\/p>\n<ul>\n<li>4-G\u00e4nge-Men\u00fc 52,50 Euro pro Person<\/li>\n<li>5-G\u00e4nge-Men\u00fc 59,50 Euro pro Person<\/li>\n<\/ul>\n<a href=\"\/tafel-reserveren\/\" class=\"button contentButton \">Einen Tisch reservieren<\/a>\n<p>Ist ein Abend nicht genug? Buchen Sie eine \u00dcbernachtung bei uns oder w\u00e4hlen Sie unsere mehrt\u00e4gigen Weihnachtspakete. Bitte beachten Sie, dass das oben genannte Weihnachtsessen nicht Teil der mehrt\u00e4gigen Weihnachtspakete ist. Weitere Informationen erhalten Sie unter <a href=\"mailto:&#114;&#101;s&#101;r&#118;&#101;r&#105;n&#103;&#101;&#110;&#64;hot&#101;l&#100;&#101;&#122;w&#97;a&#110;.&#99;om\">&#114;&#101;serverin&#103;e&#110;&#64;h&#111;&#116;el&#100;&#101;z&#119;&#97;&#97;&#110;.&#99;om<\/a> oder telefonisch unter <a href=\"tel:+31572363738\">0572-363738<\/a>.<\/p>\n","protected":false},"excerpt":{"rendered":"<p>Machen Sie Weihnachten dieses Jahr zu etwas ganz Besonderem und lassen Sie sich von unserem K\u00fcchenpersonal und unserem Service verw\u00f6hnen. Wir freuen uns wieder sehr darauf, unseren G\u00e4sten in dieser magischen Zeit einen unvergesslichen Abend zu bieten. Genie\u00dfen Sie ein 4- oder 5-g\u00e4ngiges Weihnachtsmen\u00fc nach Wahl. 4-G\u00e4nge-Men\u00fc 52,50 Euro pro Person 5-G\u00e4nge-Men\u00fc 59,50 Euro pro<\/p>\n","protected":false},"featured_media":0,"parent":0,"menu_order":0,"comment_status":"closed","ping_status":"closed","template":"","meta":{"footnotes":""},"class_list":["post-21311","page","type-page","status-publish","hentry"],"_links":{"self":[{"href":"https:\/\/hotelraalte.nl\/de\/wp-json\/wp\/v2\/pages\/21311","targetHints":{"allow":["GET"]}}],"collection":[{"href":"https:\/\/hotelraalte.nl\/de\/wp-json\/wp\/v2\/pages"}],"about":[{"href":"https:\/\/hotelraalte.nl\/de\/wp-json\/wp\/v2\/types\/page"}],"author":[{"embeddable":true,"href":"https:\/\/hotelraalte.nl\/de\/wp-json\/wp\/v2\/users\/4"}],"replies":[{"embeddable":true,"href":"https:\/\/hotelraalte.nl\/de\/wp-json\/wp\/v2\/comments?post=21311"}],"version-history":[{"count":1,"href":"https:\/\/hotelraalte.nl\/de\/wp-json\/wp\/v2\/pages\/21311\/revisions"}],"predecessor-version":[{"id":21320,"href":"https:\/\/hotelraalte.nl\/de\/wp-json\/wp\/v2\/pages\/21311\/revisions\/21320"}],"wp:attachment":[{"href":"https:\/\/hotelraalte.nl\/de\/wp-json\/wp\/v2\/media?parent=21311"}],"curies":[{"name":"wp","href":"https:\/\/api.w.org\/{rel}","templated":true}]}}