{"id":21187,"date":"2024-02-05T16:46:33","date_gmt":"2024-02-05T15:46:33","guid":{"rendered":"http:\/\/new.hotelraalte.nl\/ausstattung\/"},"modified":"2024-02-05T16:54:55","modified_gmt":"2024-02-05T15:54:55","slug":"ausstattung","status":"publish","type":"page","link":"https:\/\/hotelraalte.nl\/de\/ausstattung\/","title":{"rendered":"Ausstattung"},"content":{"rendered":"<p><strong>Check-in und Check-out Zeiten<\/strong><br \/>\nAm Anreisetag k\u00f6nnen Sie ab 15:00 Uhr im Hotel einchecken. Am Abreisetag checken Sie bitte bis 11:00 Uhr aus.<\/p>\n<p><strong>Aufzug<\/strong><br \/>\nUnser Hotel verf\u00fcgt \u00fcber einen Aufzug, mit dem Sie den ersten Stock erreichen.<\/p>\n<p><strong>Parkplatz<\/strong><br \/>\nDas Hotel Restaurant de Zwaan verf\u00fcgt \u00fcber einen eigenen Parkplatz vor und neben dem Hotel. Bitte beachten Sie, dass das Hotel mitten im Stadtzentrum liegt und es im Sommer sehr voll sein kann, so dass m\u00f6glicherweise keine Parkpl\u00e4tze mehr zur Verf\u00fcgung stehen. In diesem Fall gibt es rund um das Hotel immer gen\u00fcgend Parkpl\u00e4tze, zum Beispiel in der De Blekstraat oder am Parkeerplaats Varkensmarkt.<br \/>\nDas Hotel verf\u00fcgt nicht \u00fcber elektrische Ladestationen.<\/p>\n<p><strong>Drahtloses Internet (Wifi)<\/strong><br \/>\nSie k\u00f6nnen das drahtlose Internet in unserem Hotel kostenlos nutzen.<\/p>\n<p><strong>Fr\u00fchst\u00fccksbuffet<\/strong><br \/>\nUnser reichhaltiges Sallands-Fr\u00fchst\u00fccksbuffet wird von Montag bis Freitag von 7:00 bis 10:00 Uhr und Samstag und Sonntag von 8:00 bis 10:30 Uhr in unserem Oud Holland-Saal serviert.<\/p>\n<p><strong>Restaurant<\/strong><br \/>\nUnsere K\u00fcche ist t\u00e4glich von 12:00 bis 15:30 Uhr zum Mittagessen ge\u00f6ffnet. Das Abendessen wird von 18:00 bis 21:00 Uhr serviert.<\/p>\n<p><strong>Das Schwimmbad<\/strong><br \/>\nDas beheizte Hallenbad des Hotel Restaurant de Zwaan bietet unseren G\u00e4sten eine zus\u00e4tzliche luxuri\u00f6se Erg\u00e4nzung zu einem Hotelaufenthalt. Das Schwimmwasser hat immer eine angenehme Temperatur von 29 Grad und sorgt f\u00fcr herrlichen Badespa\u00df. Bitte beachten Sie, dass das Schwimmbad nur \u00fcber eine Treppe erreicht werden kann.<\/p>\n<p><strong>Fahrradverleih (Fahrradschuppen mit Ladestation)<\/strong><br \/>\nWir vermieten gute E-Bikes f\u00fcr \u20ac 27,50 pro Tag. Bitte reservieren Sie im Voraus.<br \/>\nWenn Sie Ihr eigenes Fahrrad mitbringen m\u00f6chten, k\u00f6nnen Sie es in unserem \u00fcberdachten und abgeschlossenen Fahrradschuppen (mit Ladestationen) abstellen.<\/p>\n<p><strong>Babybett auf Anfrage<\/strong><br \/>\nKinderbett verf\u00fcgbar (Geb\u00fchr \u20ac 15,00 pro Tag). Sie k\u00f6nnen nat\u00fcrlich auch Ihr eigenes Bett mitbringen.<\/p>\n<p><strong>Haustiere<\/strong><br \/>\nHunde sind in unseren Hotelzimmern nicht erlaubt.<\/p>\n<p><strong>Raucherpolitik<\/strong><br \/>\nDas gesamte Hotel ist ein Nichtraucherhotel. Wir weisen unsere G\u00e4ste darauf hin, dass das Rauchen in den Zimmern nicht gestattet ist. Sollte dennoch geraucht werden, stellen wir 250 \u20ac in Rechnung.<\/p>\n<p><strong>Kurtaxe<\/strong><br \/>\nDie Preise f\u00fcr Hotelzimmer und Pauschalangebote enthalten keine Kurtaxe: 2,00 \u20ac p.P.P.D.<\/p>\n","protected":false},"excerpt":{"rendered":"<p>Check-in und Check-out Zeiten Am Anreisetag k\u00f6nnen Sie ab 15:00 Uhr im Hotel einchecken. Am Abreisetag checken Sie bitte bis 11:00 Uhr aus. Aufzug Unser Hotel verf\u00fcgt \u00fcber einen Aufzug, mit dem Sie den ersten Stock erreichen. Parkplatz Das Hotel Restaurant de Zwaan verf\u00fcgt \u00fcber einen eigenen Parkplatz vor und neben dem Hotel. Bitte beachten<\/p>\n","protected":false},"featured_media":0,"parent":0,"menu_order":0,"comment_status":"closed","ping_status":"closed","template":"templates\/text.php","meta":{"footnotes":""},"class_list":["post-21187","page","type-page","status-publish","hentry"],"_links":{"self":[{"href":"https:\/\/hotelraalte.nl\/de\/wp-json\/wp\/v2\/pages\/21187","targetHints":{"allow":["GET"]}}],"collection":[{"href":"https:\/\/hotelraalte.nl\/de\/wp-json\/wp\/v2\/pages"}],"about":[{"href":"https:\/\/hotelraalte.nl\/de\/wp-json\/wp\/v2\/types\/page"}],"author":[{"embeddable":true,"href":"https:\/\/hotelraalte.nl\/de\/wp-json\/wp\/v2\/users\/4"}],"replies":[{"embeddable":true,"href":"https:\/\/hotelraalte.nl\/de\/wp-json\/wp\/v2\/comments?post=21187"}],"version-history":[{"count":1,"href":"https:\/\/hotelraalte.nl\/de\/wp-json\/wp\/v2\/pages\/21187\/revisions"}],"predecessor-version":[{"id":21188,"href":"https:\/\/hotelraalte.nl\/de\/wp-json\/wp\/v2\/pages\/21187\/revisions\/21188"}],"wp:attachment":[{"href":"https:\/\/hotelraalte.nl\/de\/wp-json\/wp\/v2\/media?parent=21187"}],"curies":[{"name":"wp","href":"https:\/\/api.w.org\/{rel}","templated":true}]}}