{"id":20692,"date":"2023-01-24T21:19:18","date_gmt":"2023-01-24T20:19:18","guid":{"rendered":"http:\/\/new.hotelraalte.nl\/spezialwein-fuer-zu-hause\/"},"modified":"2024-01-31T13:58:52","modified_gmt":"2024-01-31T12:58:52","slug":"spezialwein-fuer-zu-hause","status":"publish","type":"page","link":"https:\/\/hotelraalte.nl\/de\/spezialwein-fuer-zu-hause\/","title":{"rendered":"Spezialwein f\u00fcr zu Hause"},"content":{"rendered":"<p>Sind Sie auf der Suche nach guten und erschwinglichen Weinen f\u00fcr Ihr Haus? Diese exklusiven Weine importieren wir selbst aus den Weinregionen und k\u00f6nnen daher nicht \u00fcber den Gro\u00dfhandel bezogen werden.<\/p>\n<p>Sie k\u00f6nnen die untenstehende Auswahl an Weinen \u00fcber den &#8218;Goeie Wijn&#8216;-Webshop von unserem eigenen Vinologen Hans Poppe bestellen.<\/p>\n<a href=\"https:\/\/goeiewijn.nl\" target=\"_blank\" class=\"button contentButton \">Wein bestellen \u00fcber goeiewijn.nl<\/a>\n","protected":false},"excerpt":{"rendered":"<p>Sind Sie auf der Suche nach guten und erschwinglichen Weinen f\u00fcr Ihr Haus? Diese exklusiven Weine importieren wir selbst aus den Weinregionen und k\u00f6nnen daher nicht \u00fcber den Gro\u00dfhandel bezogen werden. Sie k\u00f6nnen die untenstehende Auswahl an Weinen \u00fcber den &#8218;Goeie Wijn&#8216;-Webshop von unserem eigenen Vinologen Hans Poppe bestellen.<\/p>\n","protected":false},"featured_media":0,"parent":0,"menu_order":0,"comment_status":"closed","ping_status":"closed","template":"","meta":{"footnotes":""},"class_list":["post-20692","page","type-page","status-publish","hentry"],"_links":{"self":[{"href":"https:\/\/hotelraalte.nl\/de\/wp-json\/wp\/v2\/pages\/20692","targetHints":{"allow":["GET"]}}],"collection":[{"href":"https:\/\/hotelraalte.nl\/de\/wp-json\/wp\/v2\/pages"}],"about":[{"href":"https:\/\/hotelraalte.nl\/de\/wp-json\/wp\/v2\/types\/page"}],"author":[{"embeddable":true,"href":"https:\/\/hotelraalte.nl\/de\/wp-json\/wp\/v2\/users\/4"}],"replies":[{"embeddable":true,"href":"https:\/\/hotelraalte.nl\/de\/wp-json\/wp\/v2\/comments?post=20692"}],"version-history":[{"count":4,"href":"https:\/\/hotelraalte.nl\/de\/wp-json\/wp\/v2\/pages\/20692\/revisions"}],"predecessor-version":[{"id":21083,"href":"https:\/\/hotelraalte.nl\/de\/wp-json\/wp\/v2\/pages\/20692\/revisions\/21083"}],"wp:attachment":[{"href":"https:\/\/hotelraalte.nl\/de\/wp-json\/wp\/v2\/media?parent=20692"}],"curies":[{"name":"wp","href":"https:\/\/api.w.org\/{rel}","templated":true}]}}