{"id":20677,"date":"2023-02-16T09:58:42","date_gmt":"2023-02-16T08:58:42","guid":{"rendered":"http:\/\/new.hotelraalte.nl\/dankeschoen-zitat\/"},"modified":"2024-01-31T13:49:26","modified_gmt":"2024-01-31T12:49:26","slug":"dankeschoen-angebot","status":"publish","type":"page","link":"https:\/\/hotelraalte.nl\/de\/angebot-anfordern\/dankeschoen-angebot\/","title":{"rendered":"Dankesch\u00f6n &#8211; Angebot"},"content":{"rendered":"<p>Vielen Dank f\u00fcr Ihre Angebotsanfrage. Wir werden Sie in K\u00fcrze kontaktieren.<\/p>\n","protected":false},"excerpt":{"rendered":"<p>Vielen Dank f\u00fcr Ihre Angebotsanfrage. Wir werden Sie in K\u00fcrze kontaktieren.<\/p>\n","protected":false},"featured_media":0,"parent":20683,"menu_order":0,"comment_status":"closed","ping_status":"closed","template":"templates\/text.php","meta":{"footnotes":""},"class_list":["post-20677","page","type-page","status-publish","hentry"],"_links":{"self":[{"href":"https:\/\/hotelraalte.nl\/de\/wp-json\/wp\/v2\/pages\/20677","targetHints":{"allow":["GET"]}}],"collection":[{"href":"https:\/\/hotelraalte.nl\/de\/wp-json\/wp\/v2\/pages"}],"about":[{"href":"https:\/\/hotelraalte.nl\/de\/wp-json\/wp\/v2\/types\/page"}],"author":[{"embeddable":true,"href":"https:\/\/hotelraalte.nl\/de\/wp-json\/wp\/v2\/users\/4"}],"replies":[{"embeddable":true,"href":"https:\/\/hotelraalte.nl\/de\/wp-json\/wp\/v2\/comments?post=20677"}],"version-history":[{"count":6,"href":"https:\/\/hotelraalte.nl\/de\/wp-json\/wp\/v2\/pages\/20677\/revisions"}],"predecessor-version":[{"id":21075,"href":"https:\/\/hotelraalte.nl\/de\/wp-json\/wp\/v2\/pages\/20677\/revisions\/21075"}],"up":[{"embeddable":true,"href":"https:\/\/hotelraalte.nl\/de\/wp-json\/wp\/v2\/pages\/20683"}],"wp:attachment":[{"href":"https:\/\/hotelraalte.nl\/de\/wp-json\/wp\/v2\/media?parent=20677"}],"curies":[{"name":"wp","href":"https:\/\/api.w.org\/{rel}","templated":true}]}}