{"id":20675,"date":"2023-01-26T15:48:29","date_gmt":"2023-01-26T14:48:29","guid":{"rendered":"http:\/\/new.hotelraalte.nl\/schwimmbad\/"},"modified":"2024-01-31T13:55:32","modified_gmt":"2024-01-31T12:55:32","slug":"schwimmbad","status":"publish","type":"page","link":"https:\/\/hotelraalte.nl\/de\/schwimmbad\/","title":{"rendered":"Schwimmbad"},"content":{"rendered":"<h2>Schwimmen in De Zwaan<\/h2>\n<p>Unser beheiztes Schwimmbad ist jeden Tag ge\u00f6ffnet. Unsere Hotelg\u00e4ste k\u00f6nnen das Schwimmbad kostenlos nutzen. Sind Sie als Einwohner von Raalte oder Umgebung an einem Schwimmabonnement interessiert? Lesen Sie weiter unten.<\/p>\n<p>Leider ist das t\u00fcrkische Bad derzeit geschlossen.<\/p>\n<h2>Einrichtungen<\/h2>\n<p>Unser beheiztes Schwimmbad hat eine Temperatur von 30 \u00b0C und ist t\u00e4glich wochentags von 7:00 bis 22:00 Uhr und am Wochenende von 8:00 bis 20:00 Uhr ge\u00f6ffnet. Der Pool ist f\u00fcr die Hotelg\u00e4ste kostenlos nutzbar.<\/p>\n<ul>\n<li>30 \u00b0C erhitztes Wasser<\/li>\n<li>T\u00e4glich ge\u00f6ffnet<\/li>\n<\/ul>\n<p>Sie sind kein Hotelgast, m\u00f6chten aber unseren beheizten Pool nutzen? Sie k\u00f6nnen die unten aufgef\u00fchrten Abonnements bei uns erwerben. Jahreskarte: 285 \u20ac.<br \/>\nHalbjahreskarte: \u20ac225<\/p>\n<p>Weitere Informationen erhalten Sie an der Rezeption.<\/p>\n<h2>Schwimmunterricht<\/h2>\n<p>Montag (von 10.30 bis 11.30 Uhr), Mittwochnachmittag (von 13.30 bis 17.00 Uhr), Freitagnachmittag (von 14.30 bis 16.30 Uhr), Samstag (von 11.00 bis 14.00 Uhr), Sonntag (von 11.00 bis 14.00 Uhr) Kinderschwimmkurse und das Schwimmbad wird f\u00fcr Schwimmkurse genutzt. Hotelg\u00e4ste k\u00f6nnen den Pool dann nicht benutzen.<\/p>\n","protected":false},"excerpt":{"rendered":"<p>Schwimmen in De Zwaan Unser beheiztes Schwimmbad ist jeden Tag ge\u00f6ffnet. Unsere Hotelg\u00e4ste k\u00f6nnen das Schwimmbad kostenlos nutzen. Sind Sie als Einwohner von Raalte oder Umgebung an einem Schwimmabonnement interessiert? Lesen Sie weiter unten. Leider ist das t\u00fcrkische Bad derzeit geschlossen. Einrichtungen Unser beheiztes Schwimmbad hat eine Temperatur von 30 \u00b0C und ist t\u00e4glich wochentags<\/p>\n","protected":false},"featured_media":0,"parent":0,"menu_order":0,"comment_status":"closed","ping_status":"closed","template":"","meta":{"footnotes":""},"class_list":["post-20675","page","type-page","status-publish","hentry"],"_links":{"self":[{"href":"https:\/\/hotelraalte.nl\/de\/wp-json\/wp\/v2\/pages\/20675","targetHints":{"allow":["GET"]}}],"collection":[{"href":"https:\/\/hotelraalte.nl\/de\/wp-json\/wp\/v2\/pages"}],"about":[{"href":"https:\/\/hotelraalte.nl\/de\/wp-json\/wp\/v2\/types\/page"}],"author":[{"embeddable":true,"href":"https:\/\/hotelraalte.nl\/de\/wp-json\/wp\/v2\/users\/4"}],"replies":[{"embeddable":true,"href":"https:\/\/hotelraalte.nl\/de\/wp-json\/wp\/v2\/comments?post=20675"}],"version-history":[{"count":7,"href":"https:\/\/hotelraalte.nl\/de\/wp-json\/wp\/v2\/pages\/20675\/revisions"}],"predecessor-version":[{"id":21081,"href":"https:\/\/hotelraalte.nl\/de\/wp-json\/wp\/v2\/pages\/20675\/revisions\/21081"}],"wp:attachment":[{"href":"https:\/\/hotelraalte.nl\/de\/wp-json\/wp\/v2\/media?parent=20675"}],"curies":[{"name":"wp","href":"https:\/\/api.w.org\/{rel}","templated":true}]}}