{"id":20667,"date":"2023-01-09T12:43:10","date_gmt":"2023-01-09T11:43:10","guid":{"rendered":"http:\/\/new.hotelraalte.nl\/parteien\/"},"modified":"2024-01-31T14:03:23","modified_gmt":"2024-01-31T13:03:23","slug":"parteien","status":"publish","type":"page","link":"https:\/\/hotelraalte.nl\/de\/parteien\/","title":{"rendered":"Parteien"},"content":{"rendered":"<h2>Feiern Sie im De Zwaan<\/h2>\n<p>Unsere Gelagkamer und unser alt-holl\u00e4ndischer Fr\u00fchst\u00fccksraum sind f\u00fcr jeden festlichen Anlass geeignet. Genie\u00dfen Sie zusammen mit Ihrer Gruppe unsere gro\u00dfe Auswahl an k\u00f6stlichen Getr\u00e4nken und leckeren Mittag-, Abendessen oder H\u00e4ppchen.<\/p>\n<a href=\"\/angebot-anfordern\" class=\"button contentButton \">Angebot anfordern<\/a>\n","protected":false},"excerpt":{"rendered":"<p>Feiern Sie im De Zwaan Unsere Gelagkamer und unser alt-holl\u00e4ndischer Fr\u00fchst\u00fccksraum sind f\u00fcr jeden festlichen Anlass geeignet. Genie\u00dfen Sie zusammen mit Ihrer Gruppe unsere gro\u00dfe Auswahl an k\u00f6stlichen Getr\u00e4nken und leckeren Mittag-, Abendessen oder H\u00e4ppchen.<\/p>\n","protected":false},"featured_media":0,"parent":0,"menu_order":0,"comment_status":"closed","ping_status":"closed","template":"","meta":{"footnotes":""},"class_list":["post-20667","page","type-page","status-publish","hentry"],"_links":{"self":[{"href":"https:\/\/hotelraalte.nl\/de\/wp-json\/wp\/v2\/pages\/20667","targetHints":{"allow":["GET"]}}],"collection":[{"href":"https:\/\/hotelraalte.nl\/de\/wp-json\/wp\/v2\/pages"}],"about":[{"href":"https:\/\/hotelraalte.nl\/de\/wp-json\/wp\/v2\/types\/page"}],"author":[{"embeddable":true,"href":"https:\/\/hotelraalte.nl\/de\/wp-json\/wp\/v2\/users\/4"}],"replies":[{"embeddable":true,"href":"https:\/\/hotelraalte.nl\/de\/wp-json\/wp\/v2\/comments?post=20667"}],"version-history":[{"count":5,"href":"https:\/\/hotelraalte.nl\/de\/wp-json\/wp\/v2\/pages\/20667\/revisions"}],"predecessor-version":[{"id":21085,"href":"https:\/\/hotelraalte.nl\/de\/wp-json\/wp\/v2\/pages\/20667\/revisions\/21085"}],"wp:attachment":[{"href":"https:\/\/hotelraalte.nl\/de\/wp-json\/wp\/v2\/media?parent=20667"}],"curies":[{"name":"wp","href":"https:\/\/api.w.org\/{rel}","templated":true}]}}