{"id":20646,"date":"2023-01-09T12:38:05","date_gmt":"2023-01-09T11:38:05","guid":{"rendered":"http:\/\/new.hotelraalte.nl\/lebensmittel\/"},"modified":"2024-01-31T16:56:53","modified_gmt":"2024-01-31T15:56:53","slug":"gaststatte","status":"publish","type":"page","link":"https:\/\/hotelraalte.nl\/de\/gaststatte\/","title":{"rendered":"Gastst\u00e4tte"},"content":{"rendered":"<h2>Kulinarische Verkostung<\/h2>\n<p>In unserer offenen Showk\u00fcche arbeitet K\u00fcchenchef Tjalco Zetzema haupts\u00e4chlich mit frischen regionalen und lokalen Produkten. Sie schmecken \u00fcberraschende Kombinationen. Bekannten Klassikern geben wir unsere eigene Note.<\/p>\n<p>Sie bevorzugen einen leckeren Happen und ein gutes Glas Wein? Nehmen Sie Platz an unserer runden Bar.<\/p>\n<p>&nbsp;<\/p>\n<a href=\"\/einen-tisch-reservieren\/\" class=\"button contentButton \">Einen Tisch reservieren<\/a>\n","protected":false},"excerpt":{"rendered":"<p>Kulinarische Verkostung In unserer offenen Showk\u00fcche arbeitet K\u00fcchenchef Tjalco Zetzema haupts\u00e4chlich mit frischen regionalen und lokalen Produkten. Sie schmecken \u00fcberraschende Kombinationen. Bekannten Klassikern geben wir unsere eigene Note. Sie bevorzugen einen leckeren Happen und ein gutes Glas Wein? Nehmen Sie Platz an unserer runden Bar. &nbsp;<\/p>\n","protected":false},"featured_media":0,"parent":0,"menu_order":0,"comment_status":"closed","ping_status":"closed","template":"","meta":{"footnotes":""},"class_list":["post-20646","page","type-page","status-publish","hentry"],"_links":{"self":[{"href":"https:\/\/hotelraalte.nl\/de\/wp-json\/wp\/v2\/pages\/20646","targetHints":{"allow":["GET"]}}],"collection":[{"href":"https:\/\/hotelraalte.nl\/de\/wp-json\/wp\/v2\/pages"}],"about":[{"href":"https:\/\/hotelraalte.nl\/de\/wp-json\/wp\/v2\/types\/page"}],"author":[{"embeddable":true,"href":"https:\/\/hotelraalte.nl\/de\/wp-json\/wp\/v2\/users\/4"}],"replies":[{"embeddable":true,"href":"https:\/\/hotelraalte.nl\/de\/wp-json\/wp\/v2\/comments?post=20646"}],"version-history":[{"count":4,"href":"https:\/\/hotelraalte.nl\/de\/wp-json\/wp\/v2\/pages\/20646\/revisions"}],"predecessor-version":[{"id":21089,"href":"https:\/\/hotelraalte.nl\/de\/wp-json\/wp\/v2\/pages\/20646\/revisions\/21089"}],"wp:attachment":[{"href":"https:\/\/hotelraalte.nl\/de\/wp-json\/wp\/v2\/media?parent=20646"}],"curies":[{"name":"wp","href":"https:\/\/api.w.org\/{rel}","templated":true}]}}